{"id":27,"date":"2026-02-25T15:26:50","date_gmt":"2026-02-25T15:26:50","guid":{"rendered":"https:\/\/kleinewaldwerkstatt.de\/ueber\/"},"modified":"2026-03-03T08:31:55","modified_gmt":"2026-03-03T08:31:55","slug":"ueber","status":"publish","type":"page","link":"https:\/\/kleinewaldwerkstatt.de\/en\/ueber\/","title":{"rendered":"\u00dcber"},"content":{"rendered":"<div class=\"wp-block-group alignfull is-style-ext-preset--group--natural-1--section has-background-background-color has-background has-global-padding is-layout-constrained wp-container-core-group-is-layout-6714b1d7 wp-block-group-is-layout-constrained is-style-ext-preset--group--natural-1--section--1\" id=\"ueber-uns\" style=\"margin-top:0;margin-bottom:0;padding-top:var(--wp--preset--spacing--70);padding-bottom:var(--wp--preset--spacing--70)\">\n<h2 class=\"wp-block-heading has-text-align-center ext-animate--on\">\u00dcber Milena Glimbovski<\/h2>\n\n\n\n<p class=\"has-text-align-center ext-animate--on\" style=\"margin-top:1.5rem\"><\/p>\n\n\n\n<div class=\"wp-block-media-text alignwide is-stacked-on-mobile\"><figure class=\"wp-block-media-text__media\"><img loading=\"lazy\" decoding=\"async\" width=\"1024\" height=\"684\" src=\"https:\/\/kleinewaldwerkstatt.de\/wp-content\/uploads\/2026\/02\/MilenaHerbst202440von80-1-1024x684.jpg\" alt=\"\" class=\"wp-image-77 size-full\" srcset=\"https:\/\/kleinewaldwerkstatt.de\/wp-content\/uploads\/2026\/02\/MilenaHerbst202440von80-1-1024x684.jpg 1024w, https:\/\/kleinewaldwerkstatt.de\/wp-content\/uploads\/2026\/02\/MilenaHerbst202440von80-1-300x200.jpg 300w, https:\/\/kleinewaldwerkstatt.de\/wp-content\/uploads\/2026\/02\/MilenaHerbst202440von80-1-768x513.jpg 768w, https:\/\/kleinewaldwerkstatt.de\/wp-content\/uploads\/2026\/02\/MilenaHerbst202440von80-1-1536x1025.jpg 1536w, https:\/\/kleinewaldwerkstatt.de\/wp-content\/uploads\/2026\/02\/MilenaHerbst202440von80-1-2048x1367.jpg 2048w, https:\/\/kleinewaldwerkstatt.de\/wp-content\/uploads\/2026\/02\/MilenaHerbst202440von80-1-18x12.jpg 18w\" sizes=\"auto, (max-width: 1024px) 100vw, 1024px\" \/><\/figure><div class=\"wp-block-media-text__content\">\n<p>Mein Weg ins Handwerk begann ganz praktisch: Ich wollte Dinge in meinem ersten Haus reparieren \u2013 und statt zu warten, habe ich einfach angefangen. Ein Nachbar lieh mir sein Werkzeug und zeigte mir die ersten Schritte. Das war der Moment, in dem ich merkte: Es ist gar nicht so schwer, wenn man es einfach ausprobiert. Ohne Partner, der mir half, ohne Vorwissen \u2013 nur mit Neugier und dem Mut, es selbst zu tun. So renovierte ich meine Hausfassade, machte meinen Motors\u00e4genf\u00fchrerschein und entdeckte die Freude am Selbermachen.<\/p>\n\n\n\n<p>Seit eineinhalb Jahren gebe ich dieses Wissen weiter \u2013 an Work-and-Travel-G\u00e4ste auf meinem Waldhof in Schweden, die hier mit anpacken und lernen. <\/p>\n\n\n\n<p>Ich spreche flie\u00dfend Deutsch und Englisch, daher findet der Kurs auf Wunsch in beiden Sprachen statt. Mein Hof, den ich seit fast zwei Jahren mit Hilfe von Freunden und G\u00e4sten aufbaue, ist ein Ort des Ausprobierens. Hier geht es nicht um Perfektion, sondern darum, \u00c4ngste abzubauen, Werkzeuge kennenzulernen und zu sp\u00fcren, wie befreiend es ist, etwas mit den eigenen H\u00e4nden zu schaffen.<\/p>\n\n\n\n<p>Denn das ist es, was ich weitergeben m\u00f6chte: <strong>Das Selbstvertrauen, einfach anzufangen.<\/strong> Mit Geduld, praktischen Tipps und der \u00dcberzeugung, dass Handwerk keine Zauberei ist \u2013 sondern eine Frage des Muts und der \u00dcbung.<\/p>\n<\/div><\/div>\n\n\n\n<div class=\"wp-block-columns alignwide is-layout-flex wp-container-core-columns-is-layout-28f84493 wp-block-columns-is-layout-flex\">\n<div class=\"wp-block-column is-layout-flow wp-block-column-is-layout-flow\"><\/div>\n\n\n\n<div class=\"wp-block-column is-layout-flow wp-block-column-is-layout-flow\"><\/div>\n<\/div>\n<\/div>","protected":false},"excerpt":{"rendered":"<p>\u00dcber Milena Glimbovski Mein Weg ins Handwerk begann ganz praktisch: Ich wollte Dinge in meinem ersten Haus reparieren \u2013 und statt zu warten, habe ich einfach angefangen. Ein Nachbar lieh mir sein Werkzeug und zeigte mir die ersten Schritte. Das war der Moment, in dem ich merkte: Es ist gar nicht so schwer, wenn man [&hellip;]<\/p>\n","protected":false},"author":1,"featured_media":0,"parent":0,"menu_order":0,"comment_status":"closed","ping_status":"closed","template":"page-with-title","meta":{"footnotes":""},"class_list":["post-27","page","type-page","status-publish","hentry"],"aioseo_notices":[],"_links":{"self":[{"href":"https:\/\/kleinewaldwerkstatt.de\/en\/wp-json\/wp\/v2\/pages\/27","targetHints":{"allow":["GET"]}}],"collection":[{"href":"https:\/\/kleinewaldwerkstatt.de\/en\/wp-json\/wp\/v2\/pages"}],"about":[{"href":"https:\/\/kleinewaldwerkstatt.de\/en\/wp-json\/wp\/v2\/types\/page"}],"author":[{"embeddable":true,"href":"https:\/\/kleinewaldwerkstatt.de\/en\/wp-json\/wp\/v2\/users\/1"}],"replies":[{"embeddable":true,"href":"https:\/\/kleinewaldwerkstatt.de\/en\/wp-json\/wp\/v2\/comments?post=27"}],"version-history":[{"count":6,"href":"https:\/\/kleinewaldwerkstatt.de\/en\/wp-json\/wp\/v2\/pages\/27\/revisions"}],"predecessor-version":[{"id":154,"href":"https:\/\/kleinewaldwerkstatt.de\/en\/wp-json\/wp\/v2\/pages\/27\/revisions\/154"}],"wp:attachment":[{"href":"https:\/\/kleinewaldwerkstatt.de\/en\/wp-json\/wp\/v2\/media?parent=27"}],"curies":[{"name":"wp","href":"https:\/\/api.w.org\/{rel}","templated":true}]}}