{"id":28,"date":"2026-02-25T15:26:51","date_gmt":"2026-02-25T15:26:51","guid":{"rendered":"https:\/\/kleinewaldwerkstatt.de\/buchung\/"},"modified":"2026-03-02T20:28:25","modified_gmt":"2026-03-02T20:28:25","slug":"buchung","status":"publish","type":"page","link":"https:\/\/kleinewaldwerkstatt.de\/en\/buchung\/","title":{"rendered":"Unterkunft"},"content":{"rendered":"<div class=\"wp-block-group alignfull is-style-ext-preset--group--natural-1--section has-tertiary-background-color has-background has-global-padding is-layout-constrained wp-container-core-group-is-layout-e955bbaf wp-block-group-is-layout-constrained is-style-ext-preset--group--natural-1--section--1\" id=\"veranstaltungen\" style=\"margin-top:0;margin-bottom:0;padding-top:var(--wp--preset--spacing--70);padding-bottom:var(--wp--preset--spacing--70)\">\n<div class=\"wp-block-group alignwide ext-is-logical-start has-global-padding is-content-justification-left is-layout-constrained wp-container-core-group-is-layout-20186816 wp-block-group-is-layout-constrained\">\n<h2 class=\"wp-block-heading ext-animate--on\">\u00dcbernachten im oder am Wald<\/h2>\n\n\n\n<p class=\"ext-animate--on\">F\u00fcr die \u00dcbernachtung in Werkstattn\u00e4he gibt es folgende M\u00f6glichkeiten:<\/p>\n<\/div>\n\n\n\n<div class=\"wp-block-columns alignwide is-layout-flex wp-container-core-columns-is-layout-08c01c1c wp-block-columns-is-layout-flex\">\n<div class=\"wp-block-column ext-animate--on is-layout-flow wp-block-column-is-layout-flow\">\n<div class=\"wp-block-group is-style-ext-preset--group--natural-1--item-card-1--align-start has-global-padding is-layout-constrained wp-block-group-is-layout-constrained is-style-ext-preset--group--natural-1--item-card-1--align-start--2\">\n<figure class=\"wp-block-image size-full\"><img decoding=\"async\" src=\"https:\/\/kleinewaldwerkstatt.de\/wp-content\/uploads\/2026\/02\/20250814_183343.jpg\" alt=\"\" class=\"wp-image-64\" style=\"aspect-ratio:4\/3;object-fit:cover\"\/><\/figure>\n\n\n\n<div class=\"wp-block-group is-style-default has-global-padding is-layout-constrained wp-block-group-is-layout-constrained\">\n<h3 class=\"wp-block-heading\"><strong>Zelten auf dem Grundst\u00fcck<\/strong><\/h3>\n\n\n\n<p>Bring deine eigenen Zeltsachen mit und \u00fcbernachte kostenlos auf dem Grundst\u00fcck.<\/p>\n\n\n\n<p>Die Dusche und die K\u00fcche im Haupthaus kannst du gerne mitbenutzen.<\/p>\n<\/div>\n<\/div>\n<\/div>\n\n\n\n<div class=\"wp-block-column ext-animate--on is-layout-flow wp-block-column-is-layout-flow\">\n<div class=\"wp-block-group is-style-ext-preset--group--natural-1--item-card-1--align-start has-global-padding is-layout-constrained wp-block-group-is-layout-constrained is-style-ext-preset--group--natural-1--item-card-1--align-start--3\">\n<figure class=\"wp-block-image size-full\"><img loading=\"lazy\" decoding=\"async\" width=\"1920\" height=\"2560\" src=\"https:\/\/kleinewaldwerkstatt.de\/wp-content\/uploads\/2026\/02\/20250309_125627-scaled.jpg\" alt=\"\" class=\"wp-image-72\" style=\"aspect-ratio:4\/3;object-fit:cover\" srcset=\"https:\/\/kleinewaldwerkstatt.de\/wp-content\/uploads\/2026\/02\/20250309_125627-scaled.jpg 1920w, https:\/\/kleinewaldwerkstatt.de\/wp-content\/uploads\/2026\/02\/20250309_125627-225x300.jpg 225w, https:\/\/kleinewaldwerkstatt.de\/wp-content\/uploads\/2026\/02\/20250309_125627-768x1024.jpg 768w, https:\/\/kleinewaldwerkstatt.de\/wp-content\/uploads\/2026\/02\/20250309_125627-1152x1536.jpg 1152w, https:\/\/kleinewaldwerkstatt.de\/wp-content\/uploads\/2026\/02\/20250309_125627-1536x2048.jpg 1536w, https:\/\/kleinewaldwerkstatt.de\/wp-content\/uploads\/2026\/02\/20250309_125627-9x12.jpg 9w\" sizes=\"auto, (max-width: 1920px) 100vw, 1920px\" \/><\/figure>\n\n\n\n<div class=\"wp-block-group is-style-default has-global-padding is-layout-constrained wp-block-group-is-layout-constrained\">\n<h3 class=\"wp-block-heading\"><strong>Buche ein Airbnb in der N\u00e4he<\/strong><\/h3>\n\n\n\n<p>Einige Nachbarn vermieten kleine Ferienh\u00e4user in Fu\u00dfweite. <\/p>\n\n\n\n<p>Z.B. <a href=\"https:\/\/www.ormanas.se\/\" title=\"Orman\u00e4s Stugby\">Orman\u00e4s Stugby<\/a> oder <a href=\"https:\/\/www.airbnb.de\/rooms\/43362562?adults=1&amp;check_in=2026-08-17&amp;check_out=2026-08-21&amp;search_mode=regular_search&amp;source_impression_id=p3_1772479067_P3CoifW6i9jkLM13&amp;previous_page_section_name=1000&amp;federated_search_id=4e400a40-07ed-4161-be6b-6c4581eb8b45\" title=\"\">kleines rotes Haus .<\/a><\/p>\n<\/div>\n\n\n\n\n<\/div>\n<\/div>\n\n\n\n<div class=\"wp-block-column ext-animate--on is-layout-flow wp-block-column-is-layout-flow\">\n<div class=\"wp-block-group is-style-ext-preset--group--natural-1--item-card-1--align-start has-global-padding is-layout-constrained wp-block-group-is-layout-constrained is-style-ext-preset--group--natural-1--item-card-1--align-start--4\">\n<figure class=\"wp-block-image size-large\"><img loading=\"lazy\" decoding=\"async\" width=\"1024\" height=\"768\" src=\"https:\/\/kleinewaldwerkstatt.de\/wp-content\/uploads\/2026\/03\/20250505_195729-1024x768.jpg\" alt=\"\" class=\"wp-image-114\" style=\"aspect-ratio:4\/3;object-fit:cover\" srcset=\"https:\/\/kleinewaldwerkstatt.de\/wp-content\/uploads\/2026\/03\/20250505_195729-1024x768.jpg 1024w, https:\/\/kleinewaldwerkstatt.de\/wp-content\/uploads\/2026\/03\/20250505_195729-300x225.jpg 300w, https:\/\/kleinewaldwerkstatt.de\/wp-content\/uploads\/2026\/03\/20250505_195729-768x576.jpg 768w, https:\/\/kleinewaldwerkstatt.de\/wp-content\/uploads\/2026\/03\/20250505_195729-1536x1152.jpg 1536w, https:\/\/kleinewaldwerkstatt.de\/wp-content\/uploads\/2026\/03\/20250505_195729-2048x1536.jpg 2048w, https:\/\/kleinewaldwerkstatt.de\/wp-content\/uploads\/2026\/03\/20250505_195729-16x12.jpg 16w\" sizes=\"auto, (max-width: 1024px) 100vw, 1024px\" \/><\/figure>\n\n\n\n<div class=\"wp-block-group is-style-default has-global-padding is-layout-constrained wp-block-group-is-layout-constrained\">\n<h3 class=\"wp-block-heading\"><strong><strong>G\u00e4stezimmer und G\u00e4steh\u00fctte<\/strong><\/strong><\/h3>\n\n\n\n<p>Auf dem Grundst\u00fcck gibt es eine kleine G\u00e4steh\u00fctte. Die kannst du <a href=\"https:\/\/www.airbnb.de\/rooms\/1207071661954566888?adults=1&amp;check_in=2026-06-08&amp;check_out=2026-06-12&amp;location=H%C3%B6%C3%B6r%2C%20Sweden&amp;search_mode=regular_search&amp;source_impression_id=p3_1772479219_P3XLE1j9-Bds2lex&amp;previous_page_section_name=1001&amp;federated_search_id=67e73baf-e0f9-48e4-a530-3268b8736bb7\" title=\"hier finden und buchen\">hier finden und buchen<\/a>. Alternativ kannst du ein G\u00e4stezimmer im Haupthaus f\u00fcr 50 Euro\/Nacht (mit zwei einzelnen Betten, also auch f\u00fcr zwei Personen geeignet)<\/p>\n<\/div>\n<\/div>\n<\/div>\n<\/div>\n<\/div>\n\n\n\n<div class=\"wp-block-group alignfull is-style-ext-preset--group--natural-1--section has-background-background-color has-background has-global-padding is-layout-constrained wp-block-group-is-layout-constrained is-style-ext-preset--group--natural-1--section--5\" id=\"ueber-uns\" style=\"margin-top:0;margin-bottom:0;padding-top:var(--wp--preset--spacing--70);padding-bottom:var(--wp--preset--spacing--70)\"><\/div>","protected":false},"excerpt":{"rendered":"<p>\u00dcbernachten im oder am Wald F\u00fcr die \u00dcbernachtung in Werkstattn\u00e4he gibt es folgende M\u00f6glichkeiten: Zelten auf dem Grundst\u00fcck Bring deine eigenen Zeltsachen mit und \u00fcbernachte kostenlos auf dem Grundst\u00fcck. Die Dusche und die K\u00fcche im Haupthaus kannst du gerne mitbenutzen. Buche ein Airbnb in der N\u00e4he Einige Nachbarn vermieten kleine Ferienh\u00e4user in Fu\u00dfweite. Z.B. Orman\u00e4s [&hellip;]<\/p>\n","protected":false},"author":1,"featured_media":0,"parent":0,"menu_order":0,"comment_status":"closed","ping_status":"closed","template":"page-with-title","meta":{"footnotes":""},"class_list":["post-28","page","type-page","status-publish","hentry"],"aioseo_notices":[],"_links":{"self":[{"href":"https:\/\/kleinewaldwerkstatt.de\/en\/wp-json\/wp\/v2\/pages\/28","targetHints":{"allow":["GET"]}}],"collection":[{"href":"https:\/\/kleinewaldwerkstatt.de\/en\/wp-json\/wp\/v2\/pages"}],"about":[{"href":"https:\/\/kleinewaldwerkstatt.de\/en\/wp-json\/wp\/v2\/types\/page"}],"author":[{"embeddable":true,"href":"https:\/\/kleinewaldwerkstatt.de\/en\/wp-json\/wp\/v2\/users\/1"}],"replies":[{"embeddable":true,"href":"https:\/\/kleinewaldwerkstatt.de\/en\/wp-json\/wp\/v2\/comments?post=28"}],"version-history":[{"count":11,"href":"https:\/\/kleinewaldwerkstatt.de\/en\/wp-json\/wp\/v2\/pages\/28\/revisions"}],"predecessor-version":[{"id":140,"href":"https:\/\/kleinewaldwerkstatt.de\/en\/wp-json\/wp\/v2\/pages\/28\/revisions\/140"}],"wp:attachment":[{"href":"https:\/\/kleinewaldwerkstatt.de\/en\/wp-json\/wp\/v2\/media?parent=28"}],"curies":[{"name":"wp","href":"https:\/\/api.w.org\/{rel}","templated":true}]}}