{"id":29,"date":"2026-02-25T15:26:51","date_gmt":"2026-02-25T15:26:51","guid":{"rendered":"https:\/\/kleinewaldwerkstatt.de\/kontakt\/"},"modified":"2026-03-02T19:33:51","modified_gmt":"2026-03-02T19:33:51","slug":"kontakt","status":"publish","type":"page","link":"https:\/\/kleinewaldwerkstatt.de\/en\/kontakt\/","title":{"rendered":"Kontakt"},"content":{"rendered":"<div class=\"wp-block-group alignfull is-style-ext-preset--group--natural-1--section has-tertiary-background-color has-background has-global-padding is-layout-constrained wp-block-group-is-layout-constrained is-style-ext-preset--group--natural-1--section--1\" style=\"margin-top:0;margin-bottom:0;padding-top:var(--wp--preset--spacing--70);padding-bottom:var(--wp--preset--spacing--70)\">\n<div class=\"wp-block-columns alignwide is-layout-flex wp-container-core-columns-is-layout-08c01c1c wp-block-columns-is-layout-flex\">\n<div class=\"wp-block-column is-vertically-aligned-stretch ext-animate--on is-layout-flow wp-block-column-is-layout-flow\">\n<div class=\"wp-block-group alignwide is-style-ext-preset--group--natural-1--item-card-1--align-start has-background-background-color has-background is-nowrap is-layout-flex wp-container-core-group-is-layout-bcde1d39 wp-block-group-is-layout-flex is-style-ext-preset--group--natural-1--item-card-1--align-start--2\" style=\"min-height:100%;padding-top:0;padding-right:0;padding-bottom:0;padding-left:0\">\n<div class=\"wp-block-group alignwide has-global-padding is-layout-constrained wp-container-core-group-is-layout-db1a079d wp-block-group-is-layout-constrained\" style=\"padding-top:var(--wp--preset--spacing--50);padding-right:var(--wp--preset--spacing--50);padding-bottom:var(--wp--preset--spacing--50);padding-left:var(--wp--preset--spacing--50)\">\n<p style=\"font-size:clamp(14px, 0.875rem + ((1vw - 3.2px) * 0.417), 18px);\">WaldWerkstatt freut sich darauf, deine Fragen und Anmeldungen pers\u00f6nlich zu beantworten \u2013 kontaktiere Sie uns jederzeit bequem per Email.<\/p>\n\n\n\n<div class=\"wp-block-columns is-not-stacked-on-mobile is-layout-flex wp-container-core-columns-is-layout-6db7e666 wp-block-columns-is-layout-flex\">\n<div class=\"wp-block-column is-layout-flow wp-block-column-is-layout-flow\" style=\"padding-top:2px;flex-basis:24px\">\n<figure class=\"wp-block-image size-large wp-duotone-primary-foreground\"><img decoding=\"async\" src=\"data:image\/svg+xml;base64,PHN2ZyB4bWxucz0iaHR0cDovL3d3dy53My5vcmcvMjAwMC9zdmciIHdpZHRoPSIyNCIgaGVpZ2h0PSIyNCIgZmlsbD0iIzAwMDAwMCIgdmlld0JveD0iMCAwIDI1NiAyNTYiPjxwYXRoIGQ9Ik0yMDAsMjI0SDE1MC41NEEyNjYuNTYsMjY2LjU2LDAsMCwwLDE3NCwyMDAuMjVjMjcuNDUtMzEuNTcsNDItNjQuODUsNDItOTYuMjVhODgsODgsMCwwLDAtMTc2LDBjMCwzMS40LDE0LjUxLDY0LjY4LDQyLDk2LjI1QTI2Ni41NiwyNjYuNTYsMCwwLDAsMTA1LjQ2LDIyNEg1NmE4LDgsMCwwLDAsMCwxNkgyMDBhOCw4LDAsMCwwLDAtMTZaTTU2LDEwNGE3Miw3MiwwLDAsMSwxNDQsMGMwLDU3LjIzLTU1LjQ3LDEwNS03MiwxMThDMTExLjQ3LDIwOSw1NiwxNjEuMjMsNTYsMTA0Wm0xMTIsMGE0MCw0MCwwLDEsMC00MCw0MEE0MCw0MCwwLDAsMCwxNjgsMTA0Wm0tNjQsMGEyNCwyNCwwLDEsMSwyNCwyNEEyNCwyNCwwLDAsMSwxMDQsMTA0WiI+PC9wYXRoPjwvc3ZnPg==\" alt=\"\"\/><\/figure>\n<\/div>\n\n\n\n<div class=\"wp-block-column is-layout-flow wp-container-core-column-is-layout-8a368f38 wp-block-column-is-layout-flow\">\n<p class=\"has-medium-font-size\" style=\"font-style:normal;font-weight:500\">Orman\u00e4s, H\u00f6\u00f6r<\/p>\n\n\n\n<p class=\"has-medium-font-size\" style=\"margin-top:0;margin-bottom:0;font-style:normal;font-weight:500\"><\/p>\n<\/div>\n<\/div>\n\n\n\n<div class=\"wp-block-group is-nowrap is-layout-flex wp-container-core-group-is-layout-6c531013 wp-block-group-is-layout-flex\">\n<figure class=\"wp-block-image size-large wp-duotone-primary-foreground\"><img decoding=\"async\" src=\"data:image\/svg+xml;base64,PHN2ZyB4bWxucz0iaHR0cDovL3d3dy53My5vcmcvMjAwMC9zdmciIHdpZHRoPSIyNCIgaGVpZ2h0PSIyNCIgZmlsbD0iIzAwMDAwMCIgdmlld0JveD0iMCAwIDI1NiAyNTYiPjxwYXRoIGQ9Ik0yMjQsNDhIMzJhOCw4LDAsMCwwLTgsOFYxOTJhMTYsMTYsMCwwLDAsMTYsMTZIMjE2YTE2LDE2LDAsMCwwLDE2LTE2VjU2QTgsOCwwLDAsMCwyMjQsNDhaTTIwMy40Myw2NCwxMjgsMTMzLjE1LDUyLjU3LDY0Wk0yMTYsMTkySDQwVjc0LjE5bDgyLjU5LDc1LjcxYTgsOCwwLDAsMCwxMC44MiwwTDIxNiw3NC4xOVYxOTJaIj48L3BhdGg+PC9zdmc+\" alt=\"\"\/><\/figure>\n\n\n\n<p class=\"has-medium-font-size\" style=\"font-style:normal;font-weight:500\">waldwerkstatt@proton.me<\/p>\n<\/div>\n\n\n\n<div class=\"wp-block-columns are-vertically-aligned-center is-not-stacked-on-mobile is-layout-flex wp-container-core-columns-is-layout-6db7e666 wp-block-columns-is-layout-flex\">\n<div class=\"wp-block-column is-vertically-aligned-center is-layout-flow wp-block-column-is-layout-flow\" style=\"flex-basis:24px\"><\/div>\n\n\n\n<div class=\"wp-block-column is-vertically-aligned-center is-layout-flow wp-container-core-column-is-layout-8a368f38 wp-block-column-is-layout-flow\">\n<p class=\"has-medium-font-size\" style=\"font-style:normal;font-weight:500\"><\/p>\n<\/div>\n<\/div>\n\n\n\n<div class=\"wp-block-columns are-vertically-aligned-center is-not-stacked-on-mobile is-layout-flex wp-container-core-columns-is-layout-6db7e666 wp-block-columns-is-layout-flex\">\n<div class=\"wp-block-column is-vertically-aligned-center is-layout-flow wp-block-column-is-layout-flow\" style=\"flex-basis:24px\"><\/div>\n\n\n\n<div class=\"wp-block-column is-vertically-aligned-center is-layout-flow wp-container-core-column-is-layout-8a368f38 wp-block-column-is-layout-flow\"><\/div>\n<\/div>\n<\/div>\n<\/div>\n<\/div>\n\n\n\n<div class=\"wp-block-column is-vertically-aligned-center ext-animate--on is-layout-flow wp-block-column-is-layout-flow\">\n<figure class=\"wp-block-image size-full is-style-ext-preset--image--natural-1--image-1--content-right is-style-ext-preset--image--natural-1--image-1--content-right--3\"><img decoding=\"async\" src=\"https:\/\/kleinewaldwerkstatt.de\/wp-content\/uploads\/2026\/02\/20250814_183343.jpg\" alt=\"\" class=\"wp-image-64\" style=\"aspect-ratio:4\/3;object-fit:cover\"\/><\/figure>\n<\/div>\n<\/div>\n<\/div>","protected":false},"excerpt":{"rendered":"<p>WaldWerkstatt freut sich darauf, deine Fragen und Anmeldungen pers\u00f6nlich zu beantworten \u2013 kontaktiere Sie uns jederzeit bequem per Email. Orman\u00e4s, H\u00f6\u00f6r waldwerkstatt@proton.me<\/p>","protected":false},"author":1,"featured_media":0,"parent":0,"menu_order":0,"comment_status":"closed","ping_status":"closed","template":"page-with-title","meta":{"footnotes":""},"class_list":["post-29","page","type-page","status-publish","hentry"],"aioseo_notices":[],"_links":{"self":[{"href":"https:\/\/kleinewaldwerkstatt.de\/en\/wp-json\/wp\/v2\/pages\/29","targetHints":{"allow":["GET"]}}],"collection":[{"href":"https:\/\/kleinewaldwerkstatt.de\/en\/wp-json\/wp\/v2\/pages"}],"about":[{"href":"https:\/\/kleinewaldwerkstatt.de\/en\/wp-json\/wp\/v2\/types\/page"}],"author":[{"embeddable":true,"href":"https:\/\/kleinewaldwerkstatt.de\/en\/wp-json\/wp\/v2\/users\/1"}],"replies":[{"embeddable":true,"href":"https:\/\/kleinewaldwerkstatt.de\/en\/wp-json\/wp\/v2\/comments?post=29"}],"version-history":[{"count":4,"href":"https:\/\/kleinewaldwerkstatt.de\/en\/wp-json\/wp\/v2\/pages\/29\/revisions"}],"predecessor-version":[{"id":121,"href":"https:\/\/kleinewaldwerkstatt.de\/en\/wp-json\/wp\/v2\/pages\/29\/revisions\/121"}],"wp:attachment":[{"href":"https:\/\/kleinewaldwerkstatt.de\/en\/wp-json\/wp\/v2\/media?parent=29"}],"curies":[{"name":"wp","href":"https:\/\/api.w.org\/{rel}","templated":true}]}}